{"id":8387,"date":"2026-03-11T16:53:54","date_gmt":"2026-03-11T15:53:54","guid":{"rendered":"https:\/\/scool.urban-mpire.com\/?page_id=8387"},"modified":"2026-04-08T18:38:43","modified_gmt":"2026-04-08T16:38:43","slug":"t-r","status":"publish","type":"page","link":"https:\/\/scool.urban-mpire.com\/en\/t-r\/","title":{"rendered":"T-R"},"content":{"rendered":"<h2>Hallo und herzlich Willkommen, <\/h2>\n<h3>in der Osteopathiepraxis von Theresia Reimann<\/h3>\n<h4>Urbanstra\u00dfe 118 10967 Berlin-Kreuzberg<\/h4>\n<p>            <a href=\"#Kontakt\" data-text=\"Go!\"><br \/>\n                    Kontaktformular<br \/>\n            <\/a><br \/>\n            <a href=\"tel:+4901781887520\" data-text=\"Go!\"><br \/>\n                    Telefonkontakt<br \/>\n            <\/a><br \/>\n            <a href=\"https:\/\/scool.urban-mpire.com\/terminbuchung\/\" data-text=\"Go!\"><br \/>\n                    Terminbuchung<br \/>\n            <\/a><br \/>\n            <a href=\"#\" data-text=\"Go!\"><br \/>\n                    Kontaktformular<br \/>\n            <\/a><br \/>\n            <a href=\"#\" data-text=\"Go!\"><br \/>\n                    Telefonkontakt<br \/>\n            <\/a><br \/>\n            <a href=\"#\" data-text=\"Go!\"><br \/>\n                    Terminbuchung<br \/>\n            <\/a><\/p>\n<h5>F\u00fcr mich ist Gesundheit mehr als nur die Abwesenheit von Krankheit<\/h5>\n<p>F\u00fcr mich ist Gesundheit mehr als nur die Abwesenheit von Krankheit; sie umfasst das k\u00f6rperliche und geistige Wohlbefinden, Vitalit\u00e4t und Lebensfreude. Die Osteopathie bietet mir mit ihrem ganzheitlichen Ansatz ein wunderbares Werkzeug, um individuell K\u00f6rpersysteme und Gewebeschichten wie Muskeln, Faszien, Knochen, Organe, Nerven sowie Blut- und Lymphgef\u00e4\u00dfe mit den H\u00e4nden zu erfassen und zu verstehen. Dabei ber\u00fccksichtige ich auch die einzigartige Konstitution und Lebensgeschichte jeder Person.<\/p>\n<p>Ich finde die Osteopathie eine faszinierende und vielseitige Behandlungsmethode, die neben akuten und chronischen Beschwerden auch sehr gut pr\u00e4ventiv eingesetzt werden kann.<\/p>\n<p>Es ist mir wichtig, nicht nur symptomatisch zu arbeiten, sondern die Ursache von Beschwerden zu erkennen um diese langfristig zu verbessern.\u00a0<\/p>\n<h5>Es ist mir wichtig, nicht nur symptomatisch zu arbeiten, sondern die Ursache von Beschwerden zu erkennen um diese langfristig zu verbessern.<\/h5>\n<p>            <a href=\"https:\/\/scool.urban-mpire.com\/osteopathie\" data-text=\"Go!\"><br \/>\n                    Osteopathie<br \/>\n            <\/a><br \/>\n            <a href=\"https:\/\/scool.urban-mpire.com\/gynaekologie\" data-text=\"Go!\"><br \/>\n                    Gyn\u00e4kologie<br \/>\n            <\/a><br \/>\n            <a href=\"https:\/\/scool.urban-mpire.com\/narbentherapie\/\" data-text=\"Go!\"><br \/>\n                    Narbentherapie<br \/>\n            <\/a><br \/>\n            <a href=\"https:\/\/scool.urban-mpire.com\/terminbuchung\/\" data-text=\"Go!\"><br \/>\n                    Termin<br \/>\n            <\/a><\/p>\n<figure><img src=\"https:\/\/scool.urban-mpire.com\/wp-content\/uploads\/elementor\/thumbs\/Osteopathie-179-Edit-scaled-1-rlpdnoih69umokg3onqw4jm8jp4pkrnc8mb4t4zhww.jpg\" alt=\"Osteopathie\" \/><figcaption>Osteopathie<\/figcaption><\/figure>\n<figure><img src=\"https:\/\/scool.urban-mpire.com\/wp-content\/uploads\/elementor\/thumbs\/Osteopathie-128-Edit-scaled-1-rlpdnoih69umokg3onqw4jm8jp4pkrnc8mb4t4zhww.jpg\" alt=\"Gyn\u00e4kologie\" \/><figcaption>Gyn\u00e4kologie<\/figcaption><\/figure>\n<figure><img src=\"https:\/\/scool.urban-mpire.com\/wp-content\/uploads\/elementor\/thumbs\/Osteopathie-50-scaled-1-rlpdnoih69umokg3onqw4jm8jp4pkrnc8mb4t4zhww.jpg\" alt=\"Narbentherapie\" \/><figcaption>Narbentherapie<\/figcaption><\/figure>\n<figure><img src=\"https:\/\/scool.urban-mpire.com\/wp-content\/uploads\/elementor\/thumbs\/Osteopathie-247-Edit-scaled-1-1-rlpdnoih69umokg3onqw4jm8jp4pkrnc8mb4t4zhww.jpg\" alt=\"Terminbuchung\" \/><figcaption>Terminbuchung<\/figcaption><\/figure>\n<p>\t\t\t\t\t\tZur\u00fcck<br \/>\n\t\t\t\t\t\tWeiter<\/p>\n<h5>\u00dcber Mich<\/h5>\n<p>F\u00fcr mich ist Gesundheit mehr als nur die Abwesenheit von Krankheit; sie umfasst das k\u00f6rperliche und geistige Wohlbefinden, Vitalit\u00e4t und Lebensfreude. Die Osteopathie bietet mir mit ihrem ganzheitlichen Ansatz ein wunderbares Werkzeug, um individuell K\u00f6rpersysteme und Gewebeschichten wie Muskeln, Faszien, Knochen, Organe, Nerven sowie Blut- und Lymphgef\u00e4\u00dfe mit den H\u00e4nden zu erfassen und zu verstehen. Dabei ber\u00fccksichtige ich auch die einzigartige Konstitution und Lebensgeschichte jeder Person.<\/p>\n<p>Ich finde die Osteopathie eine faszinierende und vielseitige Behandlungsmethode, die neben akuten und chronischen Beschwerden auch sehr gut pr\u00e4ventiv eingesetzt werden kann.<\/p>\n<p>Es ist mir wichtig, nicht nur symptomatisch zu arbeiten, sondern die Ursache von Beschwerden zu erkennen um diese langfristig zu verbessern.\u00a0<\/p>\n<h5>Werdegang<\/h5>\n<ul>\n<li>2009 Staatl. anerkannte Ergotherapeutin<\/li>\n<li>2011 zertifizierte Handtherapeutin<\/li>\n<li>2019 Bachelor of Science, The International Academy of Osteopathy, Belgien<\/li>\n<li>2022 Master of Science, Osteopathie Schule Deutschland<\/li>\n<li>2022 Erlangung der Heilpraktiker Erlaubnis<\/li>\n<\/ul>\n<h5>Weiterbildungen<\/h5>\n<ul>\n<li>\n<p>Im Laufe meiner T\u00e4tigkeit als Therapeutin habe ich an vielz\u00e4hligen Weiterbildungen teilgenommen, unter anderem:<\/p>\n<ul>\n<li>Urogenitale Manipulationen bei weiblichen und m\u00e4nnlichen Beckenst\u00f6rungen, Teil 1 und 2 \u2013 Olivier Bazin D.O.<\/li>\n<li>Neuroendokrine Dysfunktionen; osteopathischer Ansatz \u2013 Nathalie Camirand D.O.<\/li>\n<li>Seit 2024 Kursreihe: Uro-Gyn\u00e4kologie &amp; Geburtshilfe, OSD in Zusammenarbeit mit dem Camirand Muzzi Institut<\/li>\n<li>Narbentherapie nach dem Liedler-Konzept<\/li>\n<li>Narbenbehandlung nach dem S.O.F.T.-Konzept (scar-oriented functional therapy concept) \u2013 Nils Bringeland<\/li>\n<li>Dry Needling \u2013 DGSA\u00ae<\/li>\n<li>Bausteinserie f\u00fcr zertifizierte Handtherapeuten (AfH),\u00a0<\/li>\n<\/ul>\n<\/li>\n<\/ul>\n<h5>Was mir wichtig ist<\/h5>\n<h5>R\u00fccksicht auf W\u00fcnsche der Patient*innen<\/h5>\n<p>Der menschliche K\u00f6rper ist faszinierend, mit vielen verschiedenen Strukturen und Funktionen, die eng miteinander verbunden sind. Dabei spielen auch die emotionale Situation und pers\u00f6nlichen Erfahrungen eine wichtige Rolle, da sie sich stark auf den K\u00f6rper auswirken. Deshalb gestalte ich die Behandlung ganz individuell, um dich in deiner Gesamtheit bestm\u00f6glich zu unterst\u00fctzen.<\/p>\n<h5>Einbeziehen der Patient*innen<\/h5>\n<p>Bei der Behandlung ist es mir wichtig, die Patient*innen mit einzubeziehen. Denn ein Gef\u00fchl f\u00fcr den eigenen K\u00f6rper sowie Verst\u00e4ndnis und ein transparenter \u00dcberblick von Zusammenh\u00e4ngen erm\u00f6glichen es L\u00f6sungen und einen individuellen Umgang mit Auff\u00e4lligkeiten oder Schmerzen zu finden. Daf\u00fcr nehme ich mir gerne die Zeit, die Zusammenh\u00e4nge von Anatomie und Physiologie n\u00e4her zu erl\u00e4utern.<\/p>\n<h5>Konsens und Awareness in meiner Arbeit<\/h5>\n<p>Jede Person hat andere Erfahrungen mit sich und dem eigenen K\u00f6rper gemacht und kennt sich selbst am besten. Bei der Untersuchung und Behandlung ist mir ein konsensueller Umgang wichtig, in dem die Grenzen meiner Patient*innen eingehalten und Entscheidungen zur Behandlung gemeinsam getroffen werden.<\/p>\n<p>Ich bin mir bewusst dar\u00fcber, dass Menschen von verschiedenen Diskriminierungen betroffen sein k\u00f6nnen und unter Umst\u00e4nden bereits negative Erfahrungen im Gesundheitssystem gemacht haben. Ich versuche sensibel damit umzugehen. Wenn es Themen oder W\u00fcnsche gibt, bin ich jederzeit ansprechbar.<\/p>\n<h5>Interdisziplin\u00e4res Arbeiten<\/h5>\n<p>Ebenso liegt mir viel an einer interdisziplin\u00e4ren Arbeit. Beim Wunsch der Patient*innen, behandelnde \u00c4rzt*innen, Hebammen, Physio- oder Ergotherapeut*innen mit einzubeziehen stehe ich sehr gerne f\u00fcr einen gemeinsamen Austausch oder Arbeit zur Verf\u00fcgung.<\/p>\n<p>\t\t\t\t\t\t\t\t\t\t<img width=\"300\" height=\"410\" src=\"https:\/\/scool.urban-mpire.com\/wp-content\/uploads\/2026\/03\/healed.png\" alt=\"\" loading=\"lazy\" srcset=\"https:\/\/scool.urban-mpire.com\/wp-content\/uploads\/2026\/03\/healed.png 300w, https:\/\/scool.urban-mpire.com\/wp-content\/uploads\/2026\/03\/healed-220x300.png 220w, https:\/\/scool.urban-mpire.com\/wp-content\/uploads\/2026\/03\/healed-9x12.png 9w, https:\/\/scool.urban-mpire.com\/wp-content\/uploads\/2026\/03\/healed-64x87.png 64w\" sizes=\"(max-width: 300px) 100vw, 300px\" \/>\t\t\t\t\t\t\t\t\t\t\t<\/p>\n<h5>Kontakt &#038; Anfahrt<\/h5>\n<form data-form_id=\"1\" id=\"fluentform_1\" data-form_instance=\"ff_form_instance_1_1\" method=\"POST\" >\n<fieldset  style=\"border: none!important;margin: 0!important;padding: 0!important;background-color: transparent!important;box-shadow: none!important;outline: none!important; min-inline-size: 100%;\">\n<legend style=\"display: block; margin: 0!important;padding: 0!important;height: 0!important;text-indent: -999999px;width: 0!important;overflow:hidden;\">Contact Form Demo<\/legend>\n<p><input type='hidden' name='__fluent_form_embded_post_id' value='8387' \/><input type=\"hidden\" id=\"_fluentform_1_fluentformnonce\" name=\"_fluentform_1_fluentformnonce\" value=\"d22ffaab34\" \/><input type=\"hidden\" name=\"_wp_http_referer\" value=\"\/wp-admin\/admin-ajax.php\" \/><label for='ff_1_names_first_name_' >First Name<\/label><input type=\"text\" name=\"names[first_name]\" id=\"ff_1_names_first_name_\" placeholder=\"First Name\" aria-invalid=\"false\" aria-required=false><label for='ff_1_names_last_name_' >Last Name<\/label><input type=\"text\" name=\"names[last_name]\" id=\"ff_1_names_last_name_\" placeholder=\"Last Name\" aria-invalid=\"false\" aria-required=false><label for='ff_1_numeric_field' aria-label=\"Telefonnummer\">Telefonnummer<\/label><input type=\"number\" name=\"numeric_field\" id=\"ff_1_numeric_field\" placeholder=\"+49 (0) 827 232 421\" data-name=\"numeric_field\" inputmode=\"numeric\" step=\"any\"  aria-invalid=\"false\" aria-required=true><label for='ff_1_email' aria-label=\"E-mail\">E-mail<\/label><input type=\"email\" name=\"email\" id=\"ff_1_email\" placeholder=\"beispiel@mail.com\" data-name=\"email\"  aria-invalid=\"false\" aria-required=true><label for='ff_1_subject' aria-label=\"Thema\">Thema<\/label><input type=\"text\" name=\"subject\" placeholder=\"Im genauen\" data-name=\"subject\" id=\"ff_1_subject\"  aria-invalid=\"false\" aria-required=true><label for='ff_1_message' aria-label=\"Deine Nachricht\">Deine Nachricht<\/label><textarea aria-invalid=\"false\" aria-required=true name=\"message\" id=\"ff_1_message\" placeholder=\"findet hier aussgiebig Platz\" rows=\"4\" cols=\"2\" data-name=\"message\" ><\/textarea><button type=\"submit\" >Absenden<\/button><\/fieldset>\n<\/form>\n","protected":false},"excerpt":{"rendered":"<p>Hallo und herzlich Willkommen, in der Osteopathiepraxis von Theresia Reimann Urbanstra\u00dfe 118 10967 Berlin-Kreuzberg Kontaktformular Telefonkontakt Terminbuchung Kontaktformular Telefonkontakt Terminbuchung F\u00fcr mich ist Gesundheit mehr als nur die Abwesenheit von Krankheit F\u00fcr mich ist Gesundheit mehr als nur die Abwesenheit von Krankheit; sie umfasst das k\u00f6rperliche und geistige Wohlbefinden, Vitalit\u00e4t und Lebensfreude. Die Osteopathie bietet mir mit ihrem ganzheitlichen Ansatz ein wunderbares Werkzeug, um individuell K\u00f6rpersysteme und Gewebeschichten wie Muskeln, Faszien, Knochen, Organe, Nerven sowie Blut- und Lymphgef\u00e4\u00dfe mit den H\u00e4nden zu erfassen und zu verstehen. Dabei ber\u00fccksichtige ich auch die einzigartige Konstitution und Lebensgeschichte jeder Person. Ich finde die Osteopathie eine faszinierende und vielseitige Behandlungsmethode, die neben akuten und chronischen Beschwerden auch sehr gut pr\u00e4ventiv eingesetzt werden kann. Es ist mir wichtig, nicht nur symptomatisch zu arbeiten, sondern die Ursache von Beschwerden zu erkennen um diese langfristig zu verbessern.\u00a0 Es ist mir wichtig, nicht nur symptomatisch zu arbeiten, sondern&hellip;<\/p>\n<p> <a class=\"more-link\" href=\"https:\/\/scool.urban-mpire.com\/en\/t-r\/\">Read more<\/a><\/p>","protected":false},"author":4,"featured_media":0,"parent":0,"menu_order":0,"comment_status":"closed","ping_status":"closed","template":"elementor_header_footer","meta":[],"_links":{"self":[{"href":"https:\/\/scool.urban-mpire.com\/en\/wp-json\/wp\/v2\/pages\/8387"}],"collection":[{"href":"https:\/\/scool.urban-mpire.com\/en\/wp-json\/wp\/v2\/pages"}],"about":[{"href":"https:\/\/scool.urban-mpire.com\/en\/wp-json\/wp\/v2\/types\/page"}],"author":[{"embeddable":true,"href":"https:\/\/scool.urban-mpire.com\/en\/wp-json\/wp\/v2\/users\/4"}],"replies":[{"embeddable":true,"href":"https:\/\/scool.urban-mpire.com\/en\/wp-json\/wp\/v2\/comments?post=8387"}],"version-history":[{"count":953,"href":"https:\/\/scool.urban-mpire.com\/en\/wp-json\/wp\/v2\/pages\/8387\/revisions"}],"predecessor-version":[{"id":10176,"href":"https:\/\/scool.urban-mpire.com\/en\/wp-json\/wp\/v2\/pages\/8387\/revisions\/10176"}],"wp:attachment":[{"href":"https:\/\/scool.urban-mpire.com\/en\/wp-json\/wp\/v2\/media?parent=8387"}],"curies":[{"name":"wp","href":"https:\/\/api.w.org\/{rel}","templated":true}]}}