{"id":10382,"date":"2026-04-08T21:16:52","date_gmt":"2026-04-08T19:16:52","guid":{"rendered":"https:\/\/scool.urban-mpire.com\/?post_type=product&#038;p=10382"},"modified":"2026-04-08T22:12:46","modified_gmt":"2026-04-08T20:12:46","slug":"musikunterricht","status":"publish","type":"product","link":"https:\/\/scool.urban-mpire.com\/en\/shop\/unkategorisiert\/musikunterricht\/","title":{"rendered":"Musikunterricht"},"content":{"rendered":"<div class=\"elementor-element elementor-element-2519c4f1 elementor-widget elementor-widget-heading\" data-id=\"2519c4f1\" data-element_type=\"widget\" data-widget_type=\"heading.default\">\n<div class=\"elementor-widget-container\">\n<h2 class=\"elementor-heading-title elementor-size-default\">Theorie + Analog<\/h2>\n<\/div>\n<\/div>\n<div class=\"elementor-element elementor-element-2855728a elementor-widget elementor-widget-heading\" data-id=\"2855728a\" data-element_type=\"widget\" data-widget_type=\"heading.default\">\n<div class=\"elementor-widget-container\">\n<p class=\"elementor-heading-title elementor-size-default\"><strong>ab 12 Monate Kursdauer | Musiknoten grammatik, Akkorde an Saiten instrumente, AmplifierKunde, Melodie Inspirationen, Analog aufnahme, raumklang d\u00e4mmung, anschluss know-how, Datentr\u00e4gerkunde<\/strong><\/p>\n<hr \/>\n<\/div>\n<\/div>\n<div class=\"elementor-element elementor-element-8da1742 elementor-widget elementor-widget-text-editor\" data-id=\"8da1742\" data-element_type=\"widget\" data-widget_type=\"text-editor.default\">\n<div class=\"elementor-widget-container\">\n<div class=\"elementor-text-editor elementor-clearfix\">\n<ul>\n<li>12 Kapitel je 5 Lerneinheiten | 1 Monat beinhaltet 5 Lerneinheiten<\/li>\n<li>1 Lerneinheit = 3 Stunden Lehrmaterial + 6 Stunden \u00dcbungsaufgaben<\/li>\n<li>6,25 Stunden\u00a0 Pr\u00fcfungsmaterial zum Ende jeden Kursquartals | Pr\u00fcfung erfolgt jeden vierten Monat<\/li>\n<\/ul>\n<hr \/>\n<ul>\n<li>Videoeinheiten zum Verstehen und \u00dcben<\/li>\n<li>Grammatik Lernbl\u00e4tter als PDFs zum Lernen<\/li>\n<li>Genre und Athmosph\u00e4ren Lernbl\u00e4tter zum Verstehen von Unterschieden<\/li>\n<li>Arbeitsfl\u00fcsse zum adaptieren f\u00fcr: Kabelage, Aufnahme, Bearbeitung von Melodik und Klanggef\u00fchl<\/li>\n<li>Pr\u00fcfungen von Fortschritt durch Online-Pr\u00fcfportal und oder Review von Pr\u00fcfungsabschlussarbeiten mit\u00a0<strong>ehrlichem<\/strong>\u00a0Konstruktiv Feedback.<\/li>\n<li>Orientierungswerkzeugliste angepasst auf sch\u00fclergef\u00e4lliges Saiteninstrument<\/li>\n<\/ul>\n<\/div>\n<\/div>\n<\/div>","protected":false},"excerpt":{"rendered":"<p>Theorie + Analog ab 12 Monate Kursdauer | Musiknoten grammatik, Akkorde an Saiten instrumente, AmplifierKunde, Melodie Inspirationen, Analog aufnahme, raumklang d\u00e4mmung, anschluss know-how, Datentr\u00e4gerkunde 12 Kapitel je 5 Lerneinheiten | 1 Monat beinhaltet 5 Lerneinheiten 1 Lerneinheit = 3 Stunden Lehrmaterial + 6 Stunden \u00dcbungsaufgaben 6,25 Stunden\u00a0 Pr\u00fcfungsmaterial zum Ende jeden Kursquartals | Pr\u00fcfung erfolgt jeden vierten Monat Videoeinheiten zum Verstehen und \u00dcben Grammatik Lernbl\u00e4tter als PDFs zum Lernen Genre und Athmosph\u00e4ren Lernbl\u00e4tter zum Verstehen von Unterschieden Arbeitsfl\u00fcsse zum adaptieren f\u00fcr: Kabelage, Aufnahme, Bearbeitung von Melodik und Klanggef\u00fchl Pr\u00fcfungen von Fortschritt durch Online-Pr\u00fcfportal und oder Review von Pr\u00fcfungsabschlussarbeiten mit\u00a0ehrlichem\u00a0Konstruktiv Feedback. Orientierungswerkzeugliste angepasst auf sch\u00fclergef\u00e4lliges Saiteninstrument<\/p>","protected":false},"featured_media":10402,"comment_status":"open","ping_status":"closed","template":"","meta":[],"_links":{"self":[{"href":"https:\/\/scool.urban-mpire.com\/en\/wp-json\/wp\/v2\/product\/10382"}],"collection":[{"href":"https:\/\/scool.urban-mpire.com\/en\/wp-json\/wp\/v2\/product"}],"about":[{"href":"https:\/\/scool.urban-mpire.com\/en\/wp-json\/wp\/v2\/types\/product"}],"replies":[{"embeddable":true,"href":"https:\/\/scool.urban-mpire.com\/en\/wp-json\/wp\/v2\/comments?post=10382"}],"wp:featuredmedia":[{"embeddable":true,"href":"https:\/\/scool.urban-mpire.com\/en\/wp-json\/wp\/v2\/media\/10402"}],"wp:attachment":[{"href":"https:\/\/scool.urban-mpire.com\/en\/wp-json\/wp\/v2\/media?parent=10382"}],"curies":[{"name":"wp","href":"https:\/\/api.w.org\/{rel}","templated":true}]}}