{"id":10403,"date":"2026-04-08T21:36:58","date_gmt":"2026-04-08T19:36:58","guid":{"rendered":"https:\/\/scool.urban-mpire.com\/?post_type=product&#038;p=10403"},"modified":"2026-04-08T22:13:44","modified_gmt":"2026-04-08T20:13:44","slug":"musikunterricht-2","status":"publish","type":"product","link":"https:\/\/scool.urban-mpire.com\/en\/shop\/unkategorisiert\/musikunterricht-2\/","title":{"rendered":"Musikunterricht Digital"},"content":{"rendered":"<div class=\"elementor-element elementor-element-2519c4f1 elementor-widget elementor-widget-heading\" data-id=\"2519c4f1\" data-element_type=\"widget\" data-widget_type=\"heading.default\">\n<div class=\"elementor-widget-container\">\n<div class=\"elementor-element elementor-element-7176c6a5 elementor-widget elementor-widget-heading\" data-id=\"7176c6a5\" data-element_type=\"widget\" data-widget_type=\"heading.default\">\n<div class=\"elementor-widget-container\">\n<h2 class=\"elementor-heading-title elementor-size-default\">Digtal Recording<\/h2>\n<\/div>\n<\/div>\n<div class=\"elementor-element elementor-element-5d6d49cc elementor-widget elementor-widget-heading\" data-id=\"5d6d49cc\" data-element_type=\"widget\" data-widget_type=\"heading.default\">\n<div class=\"elementor-widget-container\">\n<p class=\"elementor-heading-title elementor-size-default\"><strong>ab 6 Monate Kursdauer | Audioarbeitssoftwares, Audiorecordingsoftwares, Audiotool+Filteringkunde, SyntheziserKunde, Drummachinekunde<\/strong><\/p>\n<hr \/>\n<\/div>\n<\/div>\n<div class=\"elementor-element elementor-element-8a917cb elementor-widget elementor-widget-text-editor\" data-id=\"8a917cb\" data-element_type=\"widget\" data-widget_type=\"text-editor.default\">\n<div class=\"elementor-widget-container\">\n<div class=\"elementor-text-editor elementor-clearfix\">\n<ul>\n<li>12 Kapitel je 5 Lerneinheiten | 1 Monat beinhaltet 5 Lerneinheiten<\/li>\n<li>1 Lerneinheit = 3 Stunden Lehrmaterial + 6 Stunden \u00dcbungsaufgaben<\/li>\n<li>6,25 Stunden\u00a0 Pr\u00fcfungsmaterial zur h\u00e4lfte und Abschluss des Kursqes | Pr\u00fcfung erfolgt bei der Mitte und zum Schluss<\/li>\n<\/ul>\n<ul>\n<li>Videoeinheiten zum Verstehen und \u00dcben<\/li>\n<li>Audiosoftware Lernbl\u00e4tter als PDFs zum Lernen<\/li>\n<li>Genre und Athmosph\u00e4ren Lernbl\u00e4tter zum Verstehen von Unterschieden<\/li>\n<li>Arbeitsfl\u00fcsse zum adaptieren f\u00fcr: Kabelage, Aufnahme, Bearbeitung von Melodik und Klanggef\u00fchl<\/li>\n<li>Pr\u00fcfungen von Fortschritt durch Online-Pr\u00fcfportal und oder Review von Pr\u00fcfungsabschlussarbeiten mit\u00a0<strong>ehrlichem<\/strong>\u00a0Konstruktiv Feedback.<\/li>\n<li>Orientierungswerkzeugliste angepasst auf sch\u00fclergef\u00e4lliges Saiteninstrument<\/li>\n<\/ul>\n<\/div>\n<\/div>\n<\/div>\n<\/div>\n<\/div>","protected":false},"excerpt":{"rendered":"<p>Digtal Recording ab 6 Monate Kursdauer | Audioarbeitssoftwares, Audiorecordingsoftwares, Audiotool+Filteringkunde, SyntheziserKunde, Drummachinekunde 12 Kapitel je 5 Lerneinheiten | 1 Monat beinhaltet 5 Lerneinheiten 1 Lerneinheit = 3 Stunden Lehrmaterial + 6 Stunden \u00dcbungsaufgaben 6,25 Stunden\u00a0 Pr\u00fcfungsmaterial zur h\u00e4lfte und Abschluss des Kursqes | Pr\u00fcfung erfolgt bei der Mitte und zum Schluss Videoeinheiten zum Verstehen und \u00dcben Audiosoftware Lernbl\u00e4tter als PDFs zum Lernen Genre und Athmosph\u00e4ren Lernbl\u00e4tter zum Verstehen von Unterschieden Arbeitsfl\u00fcsse zum adaptieren f\u00fcr: Kabelage, Aufnahme, Bearbeitung von Melodik und Klanggef\u00fchl Pr\u00fcfungen von Fortschritt durch Online-Pr\u00fcfportal und oder Review von Pr\u00fcfungsabschlussarbeiten mit\u00a0ehrlichem\u00a0Konstruktiv Feedback. Orientierungswerkzeugliste angepasst auf sch\u00fclergef\u00e4lliges Saiteninstrument<\/p>","protected":false},"featured_media":10404,"comment_status":"open","ping_status":"closed","template":"","meta":[],"_links":{"self":[{"href":"https:\/\/scool.urban-mpire.com\/en\/wp-json\/wp\/v2\/product\/10403"}],"collection":[{"href":"https:\/\/scool.urban-mpire.com\/en\/wp-json\/wp\/v2\/product"}],"about":[{"href":"https:\/\/scool.urban-mpire.com\/en\/wp-json\/wp\/v2\/types\/product"}],"replies":[{"embeddable":true,"href":"https:\/\/scool.urban-mpire.com\/en\/wp-json\/wp\/v2\/comments?post=10403"}],"wp:featuredmedia":[{"embeddable":true,"href":"https:\/\/scool.urban-mpire.com\/en\/wp-json\/wp\/v2\/media\/10404"}],"wp:attachment":[{"href":"https:\/\/scool.urban-mpire.com\/en\/wp-json\/wp\/v2\/media?parent=10403"}],"curies":[{"name":"wp","href":"https:\/\/api.w.org\/{rel}","templated":true}]}}