{"id":6139,"date":"2021-02-04T17:22:26","date_gmt":"2021-02-04T16:22:26","guid":{"rendered":"https:\/\/scool.urban-mpire.com\/?post_type=product&#038;p=6139"},"modified":"2021-02-15T23:56:55","modified_gmt":"2021-02-15T22:56:55","slug":"floris-van-bommel-black-buffel","status":"publish","type":"product","link":"https:\/\/scool.urban-mpire.com\/en\/shop\/all\/floris-van-bommel-black-buffel\/","title":{"rendered":"FLORIS VAN BOMMEL &#8211; BLACK BUFFEL"},"content":{"rendered":"<p>Der schwarze Leder-Schn\u00fcrschuh ist zur\u00fcck! Der Look des mit Schafsfell gef\u00fctterten Herrenschuhs wird durch die gr\u00fcne Gummisohle komplettiert.<\/p>","protected":false},"excerpt":{"rendered":"<p>&nbsp;<\/p>\n<ul>\n<li>5-Loch-Schn\u00fcrung sowie zwei hakenf\u00f6rmige Zurrhaken<\/li>\n<li>Innenmaterial: Schafsfell, Glattleder<\/li>\n<li>Innensohle: Schafsfell<\/li>\n<li>Au\u00dfensohle: Gummi<\/li>\n<li>Schuhweite: G1\/2<\/li>\n<li>Leisten: 132<\/li>\n<\/ul>\n<p>Materials:<\/p>\n<ol>\n<li style=\"list-style-type: none;\">\n<ul>\n<li>Innenmaterial: Schafsfell, Glattleder<\/li>\n<li>Innensohle: Schafsfell<\/li>\n<li>Au\u00dfensohle: Gummi<\/li>\n<\/ul>\n<\/li>\n<\/ol>\n<p> <a class=\"more-link\" href=\"https:\/\/scool.urban-mpire.com\/en\/shop\/all\/floris-van-bommel-black-buffel\/\">Read more<\/a><\/p>","protected":false},"featured_media":6140,"comment_status":"closed","ping_status":"closed","template":"","meta":[],"_links":{"self":[{"href":"https:\/\/scool.urban-mpire.com\/en\/wp-json\/wp\/v2\/product\/6139"}],"collection":[{"href":"https:\/\/scool.urban-mpire.com\/en\/wp-json\/wp\/v2\/product"}],"about":[{"href":"https:\/\/scool.urban-mpire.com\/en\/wp-json\/wp\/v2\/types\/product"}],"replies":[{"embeddable":true,"href":"https:\/\/scool.urban-mpire.com\/en\/wp-json\/wp\/v2\/comments?post=6139"}],"wp:featuredmedia":[{"embeddable":true,"href":"https:\/\/scool.urban-mpire.com\/en\/wp-json\/wp\/v2\/media\/6140"}],"wp:attachment":[{"href":"https:\/\/scool.urban-mpire.com\/en\/wp-json\/wp\/v2\/media?parent=6139"}],"curies":[{"name":"wp","href":"https:\/\/api.w.org\/{rel}","templated":true}]}}