{"id":7234,"date":"2021-02-16T15:28:51","date_gmt":"2021-02-16T14:28:51","guid":{"rendered":"https:\/\/scool.urban-mpire.com\/?post_type=product&#038;p=7234"},"modified":"2021-02-22T14:27:08","modified_gmt":"2021-02-22T13:27:08","slug":"true-religion-blue-destroyed-jeans","status":"publish","type":"product","link":"https:\/\/scool.urban-mpire.com\/en\/shop\/all\/true-religion-blue-destroyed-jeans\/","title":{"rendered":"True Religion &#8211; Halle &#8211; Blue Destroyed Jeans"},"content":{"rendered":"<p>&nbsp;<\/p>\n<ul>\n<li>f\u00e4llt gr\u00f6\u00dfengetreu aus<\/li>\n<li>Schonwaschgang (30\u00b0C)<\/li>\n<li>Schmaler Schnitt<\/li>\n<li>Mittlere Bundh\u00f6he<\/li>\n<li>Das Model ist 1,78m gro\u00df und tr\u00e4gt Gr\u00f6\u00dfe 26<\/li>\n<\/ul>","protected":false},"excerpt":{"rendered":"<ul>\n<li>87% Baumwolle<\/li>\n<li>9% Polyester<\/li>\n<li>4% Elasthan<\/li>\n<\/ul>\n<p> <a class=\"more-link\" href=\"https:\/\/scool.urban-mpire.com\/en\/shop\/all\/true-religion-blue-destroyed-jeans\/\">Read more<\/a><\/p>","protected":false},"featured_media":7244,"comment_status":"closed","ping_status":"closed","template":"","meta":[],"_links":{"self":[{"href":"https:\/\/scool.urban-mpire.com\/en\/wp-json\/wp\/v2\/product\/7234"}],"collection":[{"href":"https:\/\/scool.urban-mpire.com\/en\/wp-json\/wp\/v2\/product"}],"about":[{"href":"https:\/\/scool.urban-mpire.com\/en\/wp-json\/wp\/v2\/types\/product"}],"replies":[{"embeddable":true,"href":"https:\/\/scool.urban-mpire.com\/en\/wp-json\/wp\/v2\/comments?post=7234"}],"wp:featuredmedia":[{"embeddable":true,"href":"https:\/\/scool.urban-mpire.com\/en\/wp-json\/wp\/v2\/media\/7244"}],"wp:attachment":[{"href":"https:\/\/scool.urban-mpire.com\/en\/wp-json\/wp\/v2\/media?parent=7234"}],"curies":[{"name":"wp","href":"https:\/\/api.w.org\/{rel}","templated":true}]}}